{"id":582,"date":"2022-10-18T07:57:28","date_gmt":"2022-10-18T11:57:28","guid":{"rendered":"https:\/\/museenavaldequebec.ca\/museum\/"},"modified":"2026-02-24T11:35:52","modified_gmt":"2026-02-24T16:35:52","slug":"museum","status":"publish","type":"page","link":"https:\/\/museenavaldequebec.ca\/en\/museum\/","title":{"rendered":"Museum"},"content":{"rendered":"","protected":false},"excerpt":{"rendered":"","protected":false},"author":1,"featured_media":566,"parent":0,"menu_order":0,"comment_status":"closed","ping_status":"closed","template":"controllers\/museum.php","meta":{"_acf_changed":false,"footnotes":""},"acf":[],"yoast_head":"<!-- This site is optimized with the Yoast SEO plugin v22.9 - https:\/\/yoast.com\/wordpress\/plugins\/seo\/ -->\n<title>The Naval Museum of Quebec - A unique museum in Quebec<\/title>\n<meta name=\"description\" content=\"Unique in Quebec, the Quebec Naval Museum and one of 72 official museums of the Canadian Armed Forces.\" \/>\n<meta name=\"robots\" content=\"index, follow, max-snippet:-1, max-image-preview:large, max-video-preview:-1\" \/>\n<link rel=\"canonical\" href=\"https:\/\/museenavaldequebec.ca\/en\/museum\/\" \/>\n<meta property=\"og:locale\" content=\"en_US\" \/>\n<meta property=\"og:type\" content=\"article\" \/>\n<meta property=\"og:title\" content=\"The Naval Museum of Quebec - A unique museum in Quebec\" \/>\n<meta property=\"og:description\" content=\"Unique in Quebec, the Quebec Naval Museum and one of 72 official museums of the Canadian Armed Forces.\" \/>\n<meta property=\"og:url\" content=\"https:\/\/museenavaldequebec.ca\/en\/museum\/\" \/>\n<meta property=\"og:site_name\" content=\"Mus\u00e9e Naval de Qu\u00e9bec\" \/>\n<meta property=\"article:modified_time\" content=\"2026-02-24T16:35:52+00:00\" \/>\n<meta property=\"og:image\" content=\"https:\/\/museenavaldequebec.ca\/app\/uploads\/2022\/10\/20210820_113807-scaled.jpg\" \/>\n\t<meta property=\"og:image:width\" content=\"2560\" \/>\n\t<meta property=\"og:image:height\" content=\"1440\" \/>\n\t<meta property=\"og:image:type\" content=\"image\/jpeg\" \/>\n<meta name=\"twitter:card\" content=\"summary_large_image\" \/>\n<meta name=\"twitter:label1\" content=\"Est. reading time\" \/>\n\t<meta name=\"twitter:data1\" content=\"1 minute\" \/>\n<script type=\"application\/ld+json\" class=\"yoast-schema-graph\">{\"@context\":\"https:\/\/schema.org\",\"@graph\":[{\"@type\":\"WebPage\",\"@id\":\"https:\/\/museenavaldequebec.ca\/en\/museum\/\",\"url\":\"https:\/\/museenavaldequebec.ca\/en\/museum\/\",\"name\":\"The Naval Museum of Quebec - A unique museum in Quebec\",\"isPartOf\":{\"@id\":\"https:\/\/museenavaldequebec.ca\/en\/#website\"},\"primaryImageOfPage\":{\"@id\":\"https:\/\/museenavaldequebec.ca\/en\/museum\/#primaryimage\"},\"image\":{\"@id\":\"https:\/\/museenavaldequebec.ca\/en\/museum\/#primaryimage\"},\"thumbnailUrl\":\"https:\/\/museenavaldequebec.ca\/app\/uploads\/2022\/10\/20210820_113807-scaled.jpg\",\"datePublished\":\"2022-10-18T11:57:28+00:00\",\"dateModified\":\"2026-02-24T16:35:52+00:00\",\"description\":\"Unique in Quebec, the Quebec Naval Museum and one of 72 official museums of the Canadian Armed Forces.\",\"inLanguage\":\"en-US\",\"potentialAction\":[{\"@type\":\"ReadAction\",\"target\":[\"https:\/\/museenavaldequebec.ca\/en\/museum\/\"]}]},{\"@type\":\"ImageObject\",\"inLanguage\":\"en-US\",\"@id\":\"https:\/\/museenavaldequebec.ca\/en\/museum\/#primaryimage\",\"url\":\"https:\/\/museenavaldequebec.ca\/app\/uploads\/2022\/10\/20210820_113807-scaled.jpg\",\"contentUrl\":\"https:\/\/museenavaldequebec.ca\/app\/uploads\/2022\/10\/20210820_113807-scaled.jpg\",\"width\":2560,\"height\":1440,\"caption\":\"Entr\u00e9e du mus\u00e9e Naval de Qu\u00e9bec\"},{\"@type\":\"WebSite\",\"@id\":\"https:\/\/museenavaldequebec.ca\/en\/#website\",\"url\":\"https:\/\/museenavaldequebec.ca\/en\/\",\"name\":\"Mus\u00e9e Naval de Qu\u00e9bec\",\"description\":\"Naviguons ensemble\",\"potentialAction\":[{\"@type\":\"SearchAction\",\"target\":{\"@type\":\"EntryPoint\",\"urlTemplate\":\"https:\/\/museenavaldequebec.ca\/en\/?s={search_term_string}\"},\"query-input\":\"required name=search_term_string\"}],\"inLanguage\":\"en-US\"}]}<\/script>\n<!-- \/ Yoast SEO plugin. -->","yoast_head_json":{"title":"The Naval Museum of Quebec - A unique museum in Quebec","description":"Unique in Quebec, the Quebec Naval Museum and one of 72 official museums of the Canadian Armed Forces.","robots":{"index":"index","follow":"follow","max-snippet":"max-snippet:-1","max-image-preview":"max-image-preview:large","max-video-preview":"max-video-preview:-1"},"canonical":"https:\/\/museenavaldequebec.ca\/en\/museum\/","og_locale":"en_US","og_type":"article","og_title":"The Naval Museum of Quebec - A unique museum in Quebec","og_description":"Unique in Quebec, the Quebec Naval Museum and one of 72 official museums of the Canadian Armed Forces.","og_url":"https:\/\/museenavaldequebec.ca\/en\/museum\/","og_site_name":"Mus\u00e9e Naval de Qu\u00e9bec","article_modified_time":"2026-02-24T16:35:52+00:00","og_image":[{"width":2560,"height":1440,"url":"https:\/\/museenavaldequebec.ca\/app\/uploads\/2022\/10\/20210820_113807-scaled.jpg","type":"image\/jpeg"}],"twitter_card":"summary_large_image","twitter_misc":{"Est. reading time":"1 minute"},"schema":{"@context":"https:\/\/schema.org","@graph":[{"@type":"WebPage","@id":"https:\/\/museenavaldequebec.ca\/en\/museum\/","url":"https:\/\/museenavaldequebec.ca\/en\/museum\/","name":"The Naval Museum of Quebec - A unique museum in Quebec","isPartOf":{"@id":"https:\/\/museenavaldequebec.ca\/en\/#website"},"primaryImageOfPage":{"@id":"https:\/\/museenavaldequebec.ca\/en\/museum\/#primaryimage"},"image":{"@id":"https:\/\/museenavaldequebec.ca\/en\/museum\/#primaryimage"},"thumbnailUrl":"https:\/\/museenavaldequebec.ca\/app\/uploads\/2022\/10\/20210820_113807-scaled.jpg","datePublished":"2022-10-18T11:57:28+00:00","dateModified":"2026-02-24T16:35:52+00:00","description":"Unique in Quebec, the Quebec Naval Museum and one of 72 official museums of the Canadian Armed Forces.","inLanguage":"en-US","potentialAction":[{"@type":"ReadAction","target":["https:\/\/museenavaldequebec.ca\/en\/museum\/"]}]},{"@type":"ImageObject","inLanguage":"en-US","@id":"https:\/\/museenavaldequebec.ca\/en\/museum\/#primaryimage","url":"https:\/\/museenavaldequebec.ca\/app\/uploads\/2022\/10\/20210820_113807-scaled.jpg","contentUrl":"https:\/\/museenavaldequebec.ca\/app\/uploads\/2022\/10\/20210820_113807-scaled.jpg","width":2560,"height":1440,"caption":"Entr\u00e9e du mus\u00e9e Naval de Qu\u00e9bec"},{"@type":"WebSite","@id":"https:\/\/museenavaldequebec.ca\/en\/#website","url":"https:\/\/museenavaldequebec.ca\/en\/","name":"Mus\u00e9e Naval de Qu\u00e9bec","description":"Naviguons ensemble","potentialAction":[{"@type":"SearchAction","target":{"@type":"EntryPoint","urlTemplate":"https:\/\/museenavaldequebec.ca\/en\/?s={search_term_string}"},"query-input":"required name=search_term_string"}],"inLanguage":"en-US"}]}},"_links":{"self":[{"href":"https:\/\/museenavaldequebec.ca\/en\/wp-json\/wp\/v2\/pages\/582"}],"collection":[{"href":"https:\/\/museenavaldequebec.ca\/en\/wp-json\/wp\/v2\/pages"}],"about":[{"href":"https:\/\/museenavaldequebec.ca\/en\/wp-json\/wp\/v2\/types\/page"}],"author":[{"embeddable":true,"href":"https:\/\/museenavaldequebec.ca\/en\/wp-json\/wp\/v2\/users\/1"}],"replies":[{"embeddable":true,"href":"https:\/\/museenavaldequebec.ca\/en\/wp-json\/wp\/v2\/comments?post=582"}],"version-history":[{"count":34,"href":"https:\/\/museenavaldequebec.ca\/en\/wp-json\/wp\/v2\/pages\/582\/revisions"}],"predecessor-version":[{"id":1267,"href":"https:\/\/museenavaldequebec.ca\/en\/wp-json\/wp\/v2\/pages\/582\/revisions\/1267"}],"wp:featuredmedia":[{"embeddable":true,"href":"https:\/\/museenavaldequebec.ca\/en\/wp-json\/wp\/v2\/media\/566"}],"wp:attachment":[{"href":"https:\/\/museenavaldequebec.ca\/en\/wp-json\/wp\/v2\/media?parent=582"}],"curies":[{"name":"wp","href":"https:\/\/api.w.org\/{rel}","templated":true}]}}